{"id":95,"date":"2021-04-19T20:51:44","date_gmt":"2021-04-19T20:51:44","guid":{"rendered":"https:\/\/valleeduthore-environnement.org\/?page_id=95"},"modified":"2026-02-19T06:23:59","modified_gmt":"2026-02-19T06:23:59","slug":"telechargements","status":"publish","type":"page","link":"https:\/\/valleeduthore-environnement.org\/?page_id=95","title":{"rendered":"NEWSLETTER"},"content":{"rendered":"<p><span style=\"font-size: 20px;\">Pour recevoir nos publications et rester inform\u00e9s des actualit\u00e9s de la vall\u00e9e du Thor\u00e9 et d\u2019ailleurs, il suffit de nous transmettre votre adresse e-mail \u00e0 : <a href=\"mailto:contact@valleeduthore-environnement.org\" target=\"_blank\" rel=\"noopener\"><strong><span style=\"color: #3366ff;\">contact@valleeduthore-environnement.org<\/span><\/strong><\/a><\/span><\/p>\n<p>Ci-dessous trois exemples de nos publications (cliquer sur l&rsquo;image).<\/p>\n<p><a href=\"https:\/\/valleeduthore-environnement.org\/wp-content\/uploads\/2025\/11\/Lettre-5.pdf\" target=\"_blank\" rel=\"noopener\"><img loading=\"lazy\" decoding=\"async\" class=\"alignnone size-medium wp-image-1540 alignleft\" src=\"https:\/\/valleeduthore-environnement.org\/wp-content\/uploads\/2025\/11\/Lettre-5_00001-212x300.jpg\" alt=\"\" width=\"212\" height=\"300\" srcset=\"https:\/\/valleeduthore-environnement.org\/wp-content\/uploads\/2025\/11\/Lettre-5_00001-212x300.jpg 212w, https:\/\/valleeduthore-environnement.org\/wp-content\/uploads\/2025\/11\/Lettre-5_00001-724x1024.jpg 724w, https:\/\/valleeduthore-environnement.org\/wp-content\/uploads\/2025\/11\/Lettre-5_00001-768x1087.jpg 768w, https:\/\/valleeduthore-environnement.org\/wp-content\/uploads\/2025\/11\/Lettre-5_00001-1086x1536.jpg 1086w, https:\/\/valleeduthore-environnement.org\/wp-content\/uploads\/2025\/11\/Lettre-5_00001-1448x2048.jpg 1448w, https:\/\/valleeduthore-environnement.org\/wp-content\/uploads\/2025\/11\/Lettre-5_00001-750x1061.jpg 750w, https:\/\/valleeduthore-environnement.org\/wp-content\/uploads\/2025\/11\/Lettre-5_00001.jpg 1654w\" sizes=\"auto, (max-width: 212px) 100vw, 212px\" \/><\/a><\/p>\n<p><a href=\"https:\/\/valleeduthore-environnement.org\/wp-content\/uploads\/2025\/11\/Lettre-4.pdf\" target=\"_blank\" rel=\"noopener\"><img loading=\"lazy\" decoding=\"async\" class=\"alignnone wp-image-1438 size-medium alignleft\" src=\"https:\/\/valleeduthore-environnement.org\/wp-content\/uploads\/2025\/11\/Lettre-4_00001-212x300.jpg\" alt=\"\" width=\"212\" height=\"300\" srcset=\"https:\/\/valleeduthore-environnement.org\/wp-content\/uploads\/2025\/11\/Lettre-4_00001-212x300.jpg 212w, https:\/\/valleeduthore-environnement.org\/wp-content\/uploads\/2025\/11\/Lettre-4_00001-724x1024.jpg 724w, https:\/\/valleeduthore-environnement.org\/wp-content\/uploads\/2025\/11\/Lettre-4_00001-768x1087.jpg 768w, https:\/\/valleeduthore-environnement.org\/wp-content\/uploads\/2025\/11\/Lettre-4_00001-1086x1536.jpg 1086w, https:\/\/valleeduthore-environnement.org\/wp-content\/uploads\/2025\/11\/Lettre-4_00001-1448x2048.jpg 1448w, https:\/\/valleeduthore-environnement.org\/wp-content\/uploads\/2025\/11\/Lettre-4_00001-750x1061.jpg 750w, https:\/\/valleeduthore-environnement.org\/wp-content\/uploads\/2025\/11\/Lettre-4_00001.jpg 1654w\" sizes=\"auto, (max-width: 212px) 100vw, 212px\" \/><\/a><\/p>\n<p><a href=\"https:\/\/valleeduthore-environnement.org\/wp-content\/uploads\/2025\/05\/Lettre-2.pdf\" target=\"_blank\" rel=\"noopener\"><img loading=\"lazy\" decoding=\"async\" class=\"alignnone wp-image-1238 size-medium alignleft\" src=\"https:\/\/valleeduthore-environnement.org\/wp-content\/uploads\/2025\/05\/Lettre-2_00001-212x300.jpg\" alt=\"\" width=\"212\" height=\"300\" srcset=\"https:\/\/valleeduthore-environnement.org\/wp-content\/uploads\/2025\/05\/Lettre-2_00001-212x300.jpg 212w, https:\/\/valleeduthore-environnement.org\/wp-content\/uploads\/2025\/05\/Lettre-2_00001-724x1024.jpg 724w, https:\/\/valleeduthore-environnement.org\/wp-content\/uploads\/2025\/05\/Lettre-2_00001-768x1087.jpg 768w, https:\/\/valleeduthore-environnement.org\/wp-content\/uploads\/2025\/05\/Lettre-2_00001-1086x1536.jpg 1086w, https:\/\/valleeduthore-environnement.org\/wp-content\/uploads\/2025\/05\/Lettre-2_00001-1448x2048.jpg 1448w, https:\/\/valleeduthore-environnement.org\/wp-content\/uploads\/2025\/05\/Lettre-2_00001-750x1061.jpg 750w, https:\/\/valleeduthore-environnement.org\/wp-content\/uploads\/2025\/05\/Lettre-2_00001.jpg 1654w\" sizes=\"auto, (max-width: 212px) 100vw, 212px\" \/><\/a><\/p>\n<p>&nbsp;<\/p>\n<p>&nbsp;<\/p>\n<p>&nbsp;<\/p>\n<p style=\"text-align: left;\"><span style=\"color: #3366ff;\">\u00a0<\/span><\/p>\n<p>&nbsp;<\/p>\n<p>&nbsp;<\/p>\n<p>&nbsp;<\/p>\n<p>&nbsp;<\/p>\n","protected":false},"excerpt":{"rendered":"<p>Pour recevoir nos publications et rester inform\u00e9s des actualit\u00e9s de la vall\u00e9e du Thor\u00e9 et d\u2019ailleurs, il suffit de nous transmettre votre adresse e-mail \u00e0 : contact@valleeduthore-environnement.org Ci-dessous trois exemples de nos publications (cliquer sur l&rsquo;image). &nbsp; &nbsp; &nbsp; \u00a0 &nbsp; &nbsp; &nbsp; &nbsp;<\/p>\n","protected":false},"author":1,"featured_media":0,"parent":0,"menu_order":0,"comment_status":"closed","ping_status":"closed","template":"","meta":{"footnotes":""},"class_list":["post-95","page","type-page","status-publish","hentry","nodate","item-wrap"],"_links":{"self":[{"href":"https:\/\/valleeduthore-environnement.org\/index.php?rest_route=\/wp\/v2\/pages\/95","targetHints":{"allow":["GET"]}}],"collection":[{"href":"https:\/\/valleeduthore-environnement.org\/index.php?rest_route=\/wp\/v2\/pages"}],"about":[{"href":"https:\/\/valleeduthore-environnement.org\/index.php?rest_route=\/wp\/v2\/types\/page"}],"author":[{"embeddable":true,"href":"https:\/\/valleeduthore-environnement.org\/index.php?rest_route=\/wp\/v2\/users\/1"}],"replies":[{"embeddable":true,"href":"https:\/\/valleeduthore-environnement.org\/index.php?rest_route=%2Fwp%2Fv2%2Fcomments&post=95"}],"version-history":[{"count":21,"href":"https:\/\/valleeduthore-environnement.org\/index.php?rest_route=\/wp\/v2\/pages\/95\/revisions"}],"predecessor-version":[{"id":1742,"href":"https:\/\/valleeduthore-environnement.org\/index.php?rest_route=\/wp\/v2\/pages\/95\/revisions\/1742"}],"wp:attachment":[{"href":"https:\/\/valleeduthore-environnement.org\/index.php?rest_route=%2Fwp%2Fv2%2Fmedia&parent=95"}],"curies":[{"name":"wp","href":"https:\/\/api.w.org\/{rel}","templated":true}]}}