{"id":86,"date":"2021-04-19T20:34:53","date_gmt":"2021-04-19T20:34:53","guid":{"rendered":"https:\/\/valleeduthore-environnement.org\/?page_id=86"},"modified":"2026-01-11T09:21:11","modified_gmt":"2026-01-11T09:21:11","slug":"adherer","status":"publish","type":"page","link":"https:\/\/valleeduthore-environnement.org\/?page_id=86","title":{"rendered":"REJOIGNEZ-NOUS"},"content":{"rendered":"<div dir=\"ltr\" style=\"text-align: justify;\" data-setdir=\"false\">\n<p lang=\"fr-FR\" style=\"text-align: left;\">Nous vous invitons \u00e0 nous rejoindre ! En mettant \u00e0 profit vos id\u00e9es, vos comp\u00e9tences et votre \u00e9nergie, vous contribuerez activement \u00e0 la vie de l\u2019association et \u00e0 l\u2019organisation d\u2019initiatives en faveur de la pr\u00e9servation de notre cadre de vie commun.<\/p>\n<p><img loading=\"lazy\" decoding=\"async\" class=\"wp-image-483 alignleft\" style=\"text-align: left;\" src=\"https:\/\/valleeduthore-environnement.org\/wp-content\/uploads\/2022\/06\/20220522-01-300x225.jpg\" alt=\"\" width=\"369\" height=\"277\" srcset=\"https:\/\/valleeduthore-environnement.org\/wp-content\/uploads\/2022\/06\/20220522-01-300x225.jpg 300w, https:\/\/valleeduthore-environnement.org\/wp-content\/uploads\/2022\/06\/20220522-01-1024x768.jpg 1024w, https:\/\/valleeduthore-environnement.org\/wp-content\/uploads\/2022\/06\/20220522-01-768x576.jpg 768w, https:\/\/valleeduthore-environnement.org\/wp-content\/uploads\/2022\/06\/20220522-01-1536x1152.jpg 1536w, https:\/\/valleeduthore-environnement.org\/wp-content\/uploads\/2022\/06\/20220522-01-750x563.jpg 750w, https:\/\/valleeduthore-environnement.org\/wp-content\/uploads\/2022\/06\/20220522-01.jpg 2048w\" sizes=\"auto, (max-width: 369px) 100vw, 369px\" \/><\/p>\n<\/div>\n<p>&nbsp;<\/p>\n<p><span style=\"font-size: 16px;\"><span style=\"color: #3366ff;\">\u2665<\/span>\u00a0<strong><span style=\"color: #3366ff;\"><a style=\"color: #3366ff;\" href=\"https:\/\/www.helloasso.com\/associations\/vallee-du-thore-environnement\/adhesions\/vallee-du-thore-environnement-adhesion-annuelle-2025-1\" target=\"_blank\" rel=\"noopener\">Adh\u00e9rer en ligne, faire un don<\/a><\/span><\/strong><\/span><span style=\"font-size: 16px;\"><strong><span style=\"color: #3366ff;\"><a style=\"color: #3366ff;\" href=\"https:\/\/valleeduthore-environnement.org\/wp-content\/uploads\/2025\/02\/Vallee-du-Thore-Environnement-Adhesion-Fiche-2025.pdf\" target=\"_blank\" rel=\"noopener\">\u00a0<\/a><\/span><\/strong><\/span><\/p>\n<p><span style=\"font-size: 16px; color: #3366ff;\"><strong>\u2665<a style=\"color: #3366ff;\" href=\"https:\/\/valleeduthore-environnement.org\/wp-content\/uploads\/2026\/01\/Vallee-du-Thore-Environnement-Adhesion-2026.pdf\" target=\"_blank\" rel=\"noopener\"> Formulaire pour envoi postal<\/a><\/strong><\/span><\/p>\n<p><span style=\"font-size: 16px;\"><strong><span style=\"color: #3366ff;\">\u2665 <\/span><\/strong><a href=\"mailto:contact@valleeduthore-environnement.org\" target=\"_blank\" rel=\"noopener\"><strong><span style=\"color: #3366ff;\">contact@valleeduthore-environnement.org<\/span><\/strong><\/a><\/span><\/p>\n<p><span style=\"font-size: 16px;\"><span style=\"color: #000000;\"><strong><span style=\"color: #3366ff;\">\u2665 <a href=\"https:\/\/www.facebook.com\/profile.php?id=100079975185253#\" target=\"_blank\" rel=\"noopener\"><span style=\"color: #3366ff;\">R\u00e9agir sur notre<\/span> <\/a><\/span><\/strong><\/span><\/span><a href=\"https:\/\/www.facebook.com\/profile.php?id=100079975185253#\" target=\"_blank\" rel=\"noopener\"><span style=\"font-size: 16px;\"><span style=\"color: #3366ff;\"><strong><span style=\"color: #3366ff;\">p<\/span>age Facebook<\/strong><\/span><\/span><\/a><\/p>\n<p>&nbsp;<\/p>\n<p>&nbsp;<\/p>\n<p>Cr\u00e9\u00e9e en d\u00e9cembre 2021, \u00e0 l\u2019initiative d\u2019habitants de la vall\u00e9e et de personnes attach\u00e9es \u00e0 sa qualit\u00e9 environnementale, l\u2019association est ouverte \u00e0 toutes et \u00e0 tous, sans aucune condition ni distinction. Son fonctionnement repose exclusivement sur les <span style=\"font-size: 16px;\"><span style=\"color: #3366ff;\"><strong><a style=\"color: #3366ff;\" href=\"https:\/\/www.helloasso.com\/associations\/vallee-du-thore-environnement\/adhesions\/vallee-du-thore-environnement-adhesion-annuelle-2025-1\" target=\"_blank\" rel=\"noopener\">adh\u00e9sions et les dons<\/a> <\/strong><\/span><\/span>de ses membres et soutiens. Ci-dessous les textes officiels :<\/p>\n<p><span style=\"color: #3366ff;\"><strong>\u21d2\u00a0<a style=\"color: #3366ff;\" href=\"https:\/\/valleeduthore-environnement.org\/wp-content\/uploads\/2022\/02\/Vallee-du-Thore-Environnement-Statuts.pdf\" target=\"_blank\" rel=\"noopener\">Les statuts de l&rsquo;association<\/a><\/strong><\/span><\/p>\n<p><span style=\"color: #3366ff;\"><strong><a style=\"color: #3366ff;\" href=\"https:\/\/valleeduthore-environnement.org\/wp-content\/uploads\/2022\/02\/Vallee-du-Thore-Environnement-PV-20211012-AG-constitutive.pdf\" target=\"_blank\" rel=\"noopener\">\u21d2 Le compte-rendu de l&rsquo;assembl\u00e9e g\u00e9n\u00e9rale constitutive<\/a><\/strong><\/span><\/p>\n<p><span style=\"color: #3366ff;\"><strong>\u21d2 <a style=\"color: #3366ff;\" href=\"https:\/\/valleeduthore-environnement.org\/wp-content\/uploads\/2022\/03\/Vallee-du-Thore-Environnement-Extrait-du-journal-officiel.pdf\" target=\"_blank\" rel=\"noopener\">Extrait du journal officiel<\/a><\/strong><\/span><\/p>\n<p><img loading=\"lazy\" decoding=\"async\" class=\"wp-image-274 alignleft\" src=\"https:\/\/valleeduthore-environnement.org\/wp-content\/uploads\/2022\/03\/20210421_075131-1024x576.jpg\" alt=\"\" width=\"496\" height=\"279\" srcset=\"https:\/\/valleeduthore-environnement.org\/wp-content\/uploads\/2022\/03\/20210421_075131-1024x576.jpg 1024w, https:\/\/valleeduthore-environnement.org\/wp-content\/uploads\/2022\/03\/20210421_075131-300x169.jpg 300w, https:\/\/valleeduthore-environnement.org\/wp-content\/uploads\/2022\/03\/20210421_075131-768x432.jpg 768w, https:\/\/valleeduthore-environnement.org\/wp-content\/uploads\/2022\/03\/20210421_075131-1536x864.jpg 1536w, https:\/\/valleeduthore-environnement.org\/wp-content\/uploads\/2022\/03\/20210421_075131-750x422.jpg 750w, https:\/\/valleeduthore-environnement.org\/wp-content\/uploads\/2022\/03\/20210421_075131.jpg 1920w\" sizes=\"auto, (max-width: 496px) 100vw, 496px\" \/><\/p>\n","protected":false},"excerpt":{"rendered":"<p>Nous vous invitons \u00e0 nous rejoindre ! En mettant \u00e0 profit vos id\u00e9es, vos comp\u00e9tences et votre \u00e9nergie, vous contribuerez activement \u00e0 la vie de l\u2019association et \u00e0 l\u2019organisation d\u2019initiatives en faveur de la pr\u00e9servation de notre cadre de vie commun. &nbsp; \u2665\u00a0Adh\u00e9rer en ligne, faire un don\u00a0 \u2665 Formulaire pour envoi postal \u2665 contact@valleeduthore-environnement.org &hellip; <\/p>\n<p><a class=\"more-link btn\" href=\"https:\/\/valleeduthore-environnement.org\/?page_id=86\">Lire la suite<\/a><\/p>\n","protected":false},"author":1,"featured_media":0,"parent":0,"menu_order":0,"comment_status":"closed","ping_status":"closed","template":"","meta":{"footnotes":""},"class_list":["post-86","page","type-page","status-publish","hentry","nodate","item-wrap"],"_links":{"self":[{"href":"https:\/\/valleeduthore-environnement.org\/index.php?rest_route=\/wp\/v2\/pages\/86","targetHints":{"allow":["GET"]}}],"collection":[{"href":"https:\/\/valleeduthore-environnement.org\/index.php?rest_route=\/wp\/v2\/pages"}],"about":[{"href":"https:\/\/valleeduthore-environnement.org\/index.php?rest_route=\/wp\/v2\/types\/page"}],"author":[{"embeddable":true,"href":"https:\/\/valleeduthore-environnement.org\/index.php?rest_route=\/wp\/v2\/users\/1"}],"replies":[{"embeddable":true,"href":"https:\/\/valleeduthore-environnement.org\/index.php?rest_route=%2Fwp%2Fv2%2Fcomments&post=86"}],"version-history":[{"count":3,"href":"https:\/\/valleeduthore-environnement.org\/index.php?rest_route=\/wp\/v2\/pages\/86\/revisions"}],"predecessor-version":[{"id":1644,"href":"https:\/\/valleeduthore-environnement.org\/index.php?rest_route=\/wp\/v2\/pages\/86\/revisions\/1644"}],"wp:attachment":[{"href":"https:\/\/valleeduthore-environnement.org\/index.php?rest_route=%2Fwp%2Fv2%2Fmedia&parent=86"}],"curies":[{"name":"wp","href":"https:\/\/api.w.org\/{rel}","templated":true}]}}