{"id":642,"date":"2023-10-07T17:51:37","date_gmt":"2023-10-07T17:51:37","guid":{"rendered":"https:\/\/valleeduthore-environnement.org\/?page_id=642"},"modified":"2025-12-20T10:52:59","modified_gmt":"2025-12-20T10:52:59","slug":"liens-amis","status":"publish","type":"page","link":"https:\/\/valleeduthore-environnement.org\/?page_id=642","title":{"rendered":"LIENS AMIS"},"content":{"rendered":"<p><span style=\"font-size: 20px;\"><strong data-start=\"95\" data-end=\"183\">D\u00e9fendre la vall\u00e9e du Thor\u00e9, c\u2019est aussi soutenir celles et ceux qui la font vivre !<\/strong><\/span><\/p>\n<p>les agriculteurs, les mara\u00eechers, les \u00e9leveurs, les acteurs de l\u2019agritourisme et toutes les activit\u00e9s qui respectent et valorisent notre environnement.<\/p>\n<table>\n<tbody>\n<tr>\n<td style=\"text-align: center;\"><a href=\"https:\/\/www.facebook.com\/profile.php?id=100091522263273&amp;locale=hi_IN\" target=\"_blank\" rel=\"noopener\"><img loading=\"lazy\" decoding=\"async\" class=\"alignnone wp-image-757\" src=\"https:\/\/valleeduthore-environnement.org\/wp-content\/uploads\/2023\/10\/ferme-de-l-trille-300x300.jpg\" alt=\"\" width=\"188\" height=\"188\" srcset=\"https:\/\/valleeduthore-environnement.org\/wp-content\/uploads\/2023\/10\/ferme-de-l-trille-300x300.jpg 300w, https:\/\/valleeduthore-environnement.org\/wp-content\/uploads\/2023\/10\/ferme-de-l-trille-150x150.jpg 150w, https:\/\/valleeduthore-environnement.org\/wp-content\/uploads\/2023\/10\/ferme-de-l-trille-768x766.jpg 768w, https:\/\/valleeduthore-environnement.org\/wp-content\/uploads\/2023\/10\/ferme-de-l-trille-750x748.jpg 750w, https:\/\/valleeduthore-environnement.org\/wp-content\/uploads\/2023\/10\/ferme-de-l-trille.jpg 960w\" sizes=\"auto, (max-width: 188px) 100vw, 188px\" \/><\/a><\/p>\n<p><span style=\"color: #3366ff;\"><strong>Ferme de la Trille<\/strong><\/span><\/p>\n<p>&nbsp;<\/td>\n<td style=\"text-align: center;\"><a href=\"https:\/\/www.facebook.com\/fermedesprats\/\" target=\"_blank\" rel=\"noopener\"><img loading=\"lazy\" decoding=\"async\" class=\"alignnone wp-image-681\" src=\"https:\/\/valleeduthore-environnement.org\/wp-content\/uploads\/2023\/10\/ferme-des-prats.png\" alt=\"\" width=\"184\" height=\"184\" srcset=\"https:\/\/valleeduthore-environnement.org\/wp-content\/uploads\/2023\/10\/ferme-des-prats.png 225w, https:\/\/valleeduthore-environnement.org\/wp-content\/uploads\/2023\/10\/ferme-des-prats-150x150.png 150w\" sizes=\"auto, (max-width: 184px) 100vw, 184px\" \/><\/a><\/p>\n<p><span style=\"color: #3366ff;\"><strong>Ferme des Prats<\/strong><\/span><\/td>\n<td style=\"text-align: center;\"><a href=\"https:\/\/m.facebook.com\/profile.php\/?id=100076578783269&amp;name=xhp_nt__fb__action__open_user\" target=\"_blank\" rel=\"noopener\"><img loading=\"lazy\" decoding=\"async\" class=\"alignnone wp-image-759\" src=\"https:\/\/valleeduthore-environnement.org\/wp-content\/uploads\/2023\/10\/la-metairie-basse-300x300.jpg\" alt=\"\" width=\"186\" height=\"186\" srcset=\"https:\/\/valleeduthore-environnement.org\/wp-content\/uploads\/2023\/10\/la-metairie-basse-300x300.jpg 300w, https:\/\/valleeduthore-environnement.org\/wp-content\/uploads\/2023\/10\/la-metairie-basse-150x150.jpg 150w, https:\/\/valleeduthore-environnement.org\/wp-content\/uploads\/2023\/10\/la-metairie-basse.jpg 315w\" sizes=\"auto, (max-width: 186px) 100vw, 186px\" \/><\/a><\/p>\n<p><span style=\"color: #3366ff;\"><strong>Ferme de la M\u00e9tairie Basse<\/strong><\/span><\/td>\n<\/tr>\n<tr>\n<td style=\"text-align: center;\"><a href=\"https:\/\/m.facebook.com\/profile.php\/?id=100088857033124\/\" target=\"_blank\" rel=\"noopener\"><img loading=\"lazy\" decoding=\"async\" class=\"alignnone wp-image-697\" src=\"https:\/\/valleeduthore-environnement.org\/wp-content\/uploads\/2023\/10\/GAEC.png\" alt=\"\" width=\"178\" height=\"190\" \/><\/a><\/p>\n<p><span style=\"color: #3366ff;\"><strong>GAEC La Rive Paysanne<\/strong><\/span><\/td>\n<td style=\"text-align: center;\"><a href=\"https:\/\/www.facebook.com\/labonneenergie\" target=\"_blank\" rel=\"noopener\"><img loading=\"lazy\" decoding=\"async\" class=\"alignnone wp-image-697\" src=\"https:\/\/valleeduthore-environnement.org\/wp-content\/uploads\/2023\/10\/labonneenergie.jpg\" alt=\"\" width=\"192\" height=\"205\" \/><\/a><\/p>\n<p><span style=\"color: #3366ff;\"><strong>La Bonne Energie<\/strong><\/span><\/td>\n<\/tr>\n<\/tbody>\n<\/table>\n<p>&nbsp;<\/p>\n<p><strong><span style=\"font-size: 20px;\">Autres liens<\/span><\/strong><\/p>\n<p>Voici quelques sites amis que nous vous invitons \u00e0 d\u00e9couvrir : ils partagent nos pr\u00e9occupations pour l\u2019environnement, le cadre de vie et un d\u00e9veloppement respectueux.<\/p>\n<table style=\"height: 340px;\" width=\"678\">\n<tbody>\n<tr>\n<td><a href=\"https:\/\/www.lpo.fr\" target=\"_blank\" rel=\"noopener\"><img loading=\"lazy\" decoding=\"async\" class=\"alignnone wp-image-645\" src=\"https:\/\/valleeduthore-environnement.org\/wp-content\/uploads\/2023\/10\/lpo-300x132.png\" alt=\"\" width=\"254\" height=\"112\" srcset=\"https:\/\/valleeduthore-environnement.org\/wp-content\/uploads\/2023\/10\/lpo-300x132.png 300w, https:\/\/valleeduthore-environnement.org\/wp-content\/uploads\/2023\/10\/lpo.png 338w\" sizes=\"auto, (max-width: 254px) 100vw, 254px\" \/><\/a><\/td>\n<td><a href=\"https:\/\/www.wwf.fr\" target=\"_blank\" rel=\"noopener\"><img loading=\"lazy\" decoding=\"async\" class=\"alignnone wp-image-651\" src=\"https:\/\/valleeduthore-environnement.org\/wp-content\/uploads\/2023\/10\/wwfbis.png\" alt=\"\" width=\"170\" height=\"96\" \/><\/a><\/td>\n<td><a href=\"https:\/\/fne.asso.fr\" target=\"_blank\" rel=\"noopener\"><img loading=\"lazy\" decoding=\"async\" class=\"alignnone wp-image-649\" src=\"https:\/\/valleeduthore-environnement.org\/wp-content\/uploads\/2023\/10\/FNE-300x90.png\" alt=\"\" width=\"277\" height=\"83\" srcset=\"https:\/\/valleeduthore-environnement.org\/wp-content\/uploads\/2023\/10\/FNE-300x90.png 300w, https:\/\/valleeduthore-environnement.org\/wp-content\/uploads\/2023\/10\/FNE.png 410w\" sizes=\"auto, (max-width: 277px) 100vw, 277px\" \/><\/a><\/td>\n<\/tr>\n<tr>\n<td><a href=\"https:\/\/gnsafrance.org\" target=\"_blank\" rel=\"noopener\"><img loading=\"lazy\" decoding=\"async\" class=\"alignnone wp-image-663\" src=\"https:\/\/valleeduthore-environnement.org\/wp-content\/uploads\/2023\/10\/gnsa-1-300x150.jpg\" alt=\"\" width=\"228\" height=\"114\" srcset=\"https:\/\/valleeduthore-environnement.org\/wp-content\/uploads\/2023\/10\/gnsa-1-300x150.jpg 300w, https:\/\/valleeduthore-environnement.org\/wp-content\/uploads\/2023\/10\/gnsa-1.jpg 318w\" sizes=\"auto, (max-width: 228px) 100vw, 228px\" \/><\/a><\/td>\n<td><a href=\"https:\/\/www.amisdelaterre.org\" target=\"_blank\" rel=\"noopener\"><img loading=\"lazy\" decoding=\"async\" class=\"alignnone wp-image-665\" src=\"https:\/\/valleeduthore-environnement.org\/wp-content\/uploads\/2023\/10\/les-amis-de-la-terre-300x134.jpg\" alt=\"\" width=\"224\" height=\"100\" srcset=\"https:\/\/valleeduthore-environnement.org\/wp-content\/uploads\/2023\/10\/les-amis-de-la-terre-300x134.jpg 300w, https:\/\/valleeduthore-environnement.org\/wp-content\/uploads\/2023\/10\/les-amis-de-la-terre.jpg 336w\" sizes=\"auto, (max-width: 224px) 100vw, 224px\" \/><\/a><\/td>\n<td><a href=\"https:\/\/www.colibris-lemouvement.org\" target=\"_blank\" rel=\"noopener\"><img loading=\"lazy\" decoding=\"async\" class=\"alignnone wp-image-667\" src=\"https:\/\/valleeduthore-environnement.org\/wp-content\/uploads\/2023\/10\/telechargement.jpg\" alt=\"\" width=\"239\" height=\"136\" \/><\/a><\/td>\n<\/tr>\n<tr>\n<td><\/td>\n<\/tr>\n<\/tbody>\n<\/table>\n<p>&nbsp;<\/p>\n","protected":false},"excerpt":{"rendered":"<p>D\u00e9fendre la vall\u00e9e du Thor\u00e9, c\u2019est aussi soutenir celles et ceux qui la font vivre ! les agriculteurs, les mara\u00eechers, les \u00e9leveurs, les acteurs de l\u2019agritourisme et toutes les activit\u00e9s qui respectent et valorisent notre environnement. Ferme de la Trille &nbsp; Ferme des Prats Ferme de la M\u00e9tairie Basse GAEC La Rive Paysanne La Bonne &hellip; <\/p>\n<p><a class=\"more-link btn\" href=\"https:\/\/valleeduthore-environnement.org\/?page_id=642\">Lire la suite<\/a><\/p>\n","protected":false},"author":3,"featured_media":0,"parent":0,"menu_order":0,"comment_status":"closed","ping_status":"closed","template":"","meta":{"footnotes":""},"class_list":["post-642","page","type-page","status-publish","hentry","nodate","item-wrap"],"_links":{"self":[{"href":"https:\/\/valleeduthore-environnement.org\/index.php?rest_route=\/wp\/v2\/pages\/642","targetHints":{"allow":["GET"]}}],"collection":[{"href":"https:\/\/valleeduthore-environnement.org\/index.php?rest_route=\/wp\/v2\/pages"}],"about":[{"href":"https:\/\/valleeduthore-environnement.org\/index.php?rest_route=\/wp\/v2\/types\/page"}],"author":[{"embeddable":true,"href":"https:\/\/valleeduthore-environnement.org\/index.php?rest_route=\/wp\/v2\/users\/3"}],"replies":[{"embeddable":true,"href":"https:\/\/valleeduthore-environnement.org\/index.php?rest_route=%2Fwp%2Fv2%2Fcomments&post=642"}],"version-history":[{"count":10,"href":"https:\/\/valleeduthore-environnement.org\/index.php?rest_route=\/wp\/v2\/pages\/642\/revisions"}],"predecessor-version":[{"id":1586,"href":"https:\/\/valleeduthore-environnement.org\/index.php?rest_route=\/wp\/v2\/pages\/642\/revisions\/1586"}],"wp:attachment":[{"href":"https:\/\/valleeduthore-environnement.org\/index.php?rest_route=%2Fwp%2Fv2%2Fmedia&parent=642"}],"curies":[{"name":"wp","href":"https:\/\/api.w.org\/{rel}","templated":true}]}}