{"id":388,"date":"2022-03-20T21:29:24","date_gmt":"2022-03-20T21:29:24","guid":{"rendered":"https:\/\/valleeduthore-environnement.org\/?page_id=388"},"modified":"2022-03-21T08:16:17","modified_gmt":"2022-03-21T08:16:17","slug":"politique-de-confidentialite","status":"publish","type":"page","link":"https:\/\/valleeduthore-environnement.org\/?page_id=388","title":{"rendered":"Mentions l\u00e9gales et Politique de confidentialit\u00e9"},"content":{"rendered":"<h2>Qui sommes-nous\u00a0?<\/h2>\n<p>Adresse du site internet : https:\/\/valleeduthore-environnement.org<br \/>\nNom de l&rsquo;association : Vall\u00e9e du Thor\u00e9 environnement<br \/>\nDomiciliation : Chez David Alquier &#8211; Lieu-dit Montfort &#8211; 81200 Mazamet<br \/>\nCourriel : valleeduthore-environnement@protonmail.com<br \/>\nNum\u00e9ro Siren : 910 668 045<br \/>\nHebergement du site : Hostinger.fr<\/p>\n<h2>Cookies<\/h2>\n<p>Notre site n&rsquo;utilise pas de cookies, que ce soit des cookies de fonctionnement ou autre. Si vous constatez le moindre probl\u00e8me ou si vous avez la moindre question, n&rsquo;h\u00e9sitez pas \u00e0 nous contacter \u00e0 l&rsquo;adresses suivante : valleeduthore-environnement@protonmail.com.<\/p>\n<h2>Stockage de donn\u00e9es<\/h2>\n<p>Notre site ne collecte aucune donn\u00e9e d&rsquo;aucune sorte sur ses visiteurs. Si vous avez la moindre question, n&rsquo;h\u00e9sitez pas \u00e0 nous contacter \u00e0 l&rsquo;adresses suivante : valleeduthore-environnement@protonmail.com.<\/p>\n<h2>Contenu embarqu\u00e9 depuis d\u2019autres sites<\/h2>\n<p style=\"text-align: justify;\">Les articles de ce site peuvent inclure des contenus int\u00e9gr\u00e9s (par exemple des vid\u00e9os, images, articles\u2026). Le contenu int\u00e9gr\u00e9 depuis d\u2019autres sites se comporte de la m\u00eame mani\u00e8re que si le visiteur se rendait sur cet autre site. Ces sites web pourraient collecter des donn\u00e9es sur vous, utiliser des cookies, embarquer des outils de suivis tiers, suivre vos interactions avec ces contenus embarqu\u00e9s si vous disposez d\u2019un compte connect\u00e9 sur leur site web.<\/p>\n","protected":false},"excerpt":{"rendered":"<p>Qui sommes-nous\u00a0? Adresse du site internet : https:\/\/valleeduthore-environnement.org Nom de l&rsquo;association : Vall\u00e9e du Thor\u00e9 environnement Domiciliation : Chez David Alquier &#8211; Lieu-dit Montfort &#8211; 81200 Mazamet Courriel : valleeduthore-environnement@protonmail.com Num\u00e9ro Siren : 910 668 045 Hebergement du site : Hostinger.fr Cookies Notre site n&rsquo;utilise pas de cookies, que ce soit des cookies de fonctionnement &hellip; <\/p>\n<p><a class=\"more-link btn\" href=\"https:\/\/valleeduthore-environnement.org\/?page_id=388\">Lire la suite<\/a><\/p>\n","protected":false},"author":1,"featured_media":0,"parent":0,"menu_order":0,"comment_status":"closed","ping_status":"closed","template":"","meta":{"footnotes":""},"class_list":["post-388","page","type-page","status-publish","hentry","nodate","item-wrap"],"_links":{"self":[{"href":"https:\/\/valleeduthore-environnement.org\/index.php?rest_route=\/wp\/v2\/pages\/388","targetHints":{"allow":["GET"]}}],"collection":[{"href":"https:\/\/valleeduthore-environnement.org\/index.php?rest_route=\/wp\/v2\/pages"}],"about":[{"href":"https:\/\/valleeduthore-environnement.org\/index.php?rest_route=\/wp\/v2\/types\/page"}],"author":[{"embeddable":true,"href":"https:\/\/valleeduthore-environnement.org\/index.php?rest_route=\/wp\/v2\/users\/1"}],"replies":[{"embeddable":true,"href":"https:\/\/valleeduthore-environnement.org\/index.php?rest_route=%2Fwp%2Fv2%2Fcomments&post=388"}],"version-history":[{"count":0,"href":"https:\/\/valleeduthore-environnement.org\/index.php?rest_route=\/wp\/v2\/pages\/388\/revisions"}],"wp:attachment":[{"href":"https:\/\/valleeduthore-environnement.org\/index.php?rest_route=%2Fwp%2Fv2%2Fmedia&parent=388"}],"curies":[{"name":"wp","href":"https:\/\/api.w.org\/{rel}","templated":true}]}}