{"id":1594,"date":"2025-12-20T10:37:55","date_gmt":"2025-12-20T10:37:55","guid":{"rendered":"https:\/\/valleeduthore-environnement.org\/?page_id=1594"},"modified":"2026-03-13T17:46:09","modified_gmt":"2026-03-13T17:46:09","slug":"agri-culture","status":"publish","type":"page","link":"https:\/\/valleeduthore-environnement.org\/?page_id=1594","title":{"rendered":"AGRI &#8211; CULTURE"},"content":{"rendered":"<p><span style=\"font-size: 20px;\"><strong><span style=\"color: #3366ff;\">LE SALON A LA FERME 2026 : Arnauld DE RASPIDE<\/span><\/strong><\/span><\/p>\n<p>Plut\u00f4t que d&rsquo;aller au salon de Paris, d\u00e9couvrons ou red\u00e9couvrons nos fermes dans la vall\u00e9e afin de mieux conna\u00eetre l&rsquo;agriculture paysanne et ses producteurs locaux. Le 22 f\u00e9vrier 2026, Arnaud de Raspide, \u00e9leveur de brebis et d&rsquo;agneaux \u00e0 Bout-du-Pont-de-l&rsquo;Arn, a pr\u00e9sent\u00e9 aux visiteurs sa bergerie et son travail d&rsquo;\u00e9leveur. Cette visite a \u00e9t\u00e9 suivie d&rsquo;un repas sur le mode auberge espagnole et d&rsquo;une pr\u00e9sentation des produits du terroir. Une belle initiative organis\u00e9e par la Conf\u00e9d\u00e9ration Paysanne du Tarn et soutenue par Vall\u00e9e du Thor\u00e9 Environnement.<\/p>\n<div style=\"width: 750px;\" class=\"wp-video\"><video class=\"wp-video-shortcode\" id=\"video-1594-1\" width=\"750\" height=\"422\" preload=\"metadata\" controls=\"controls\"><source type=\"video\/mp4\" src=\"https:\/\/valleeduthore-environnement.org\/wp-content\/uploads\/2026\/03\/Le-salon-a-la-ferme-2026.mp4?_=1\" \/><a href=\"https:\/\/valleeduthore-environnement.org\/wp-content\/uploads\/2026\/03\/Le-salon-a-la-ferme-2026.mp4\">https:\/\/valleeduthore-environnement.org\/wp-content\/uploads\/2026\/03\/Le-salon-a-la-ferme-2026.mp4<\/a><\/video><\/div>\n<p>&nbsp;<\/p>\n<h1 class=\"post-title entry-title\"><strong><span style=\"font-size: 20px; color: #3366ff;\">A LA RENCONTRE DE NOS AGRICULTEURS (avril 2024)<\/span><\/strong><\/h1>\n<p>Plus de cinquante personnes se sont retrouv\u00e9es sous un soleil radieux, pour une balade sur les chemins entre La Trille et En Rives. Chacun a pu d\u00e9couvrir ou red\u00e9couvrir notre magnifique environnement aux portes de la ville de Mazamet, ses terres agricoles et ses bocages riches et fertiles, au pied de la Montagne Noire. Le retour vers la ferme de La Trille a permis, autour d\u2019un pique-nique, de rencontrer les agriculteurs des fermes de la vall\u00e9e et de d\u00e9guster leurs produits. La rencontres riche en dialogues et d\u00e9couvertes, a montr\u00e9 la n\u00e9cessit\u00e9 de pr\u00e9server notre environnement et de soutenir l\u2019activit\u00e9 des agriculteurs. Un grand merci \u00e0 la ferme de La Trille pour son accueil et \u00e0 la participation des fermes des Prats et de La M\u00e9tairie Basse, ainsi qu\u2019\u00e0 la Bonne \u00c9nergie qui a offert son d\u00e9licieux jus de pommes.<\/p>\n<p>Vous trouverez leurs contacts sur le site, onglet <span style=\"color: #3366ff;\"><strong><a style=\"color: #3366ff;\" href=\"https:\/\/valleeduthore-environnement.org\/?page_id=642\" target=\"_blank\" rel=\"noopener\">\u00ab\u00a0Liens Amis\u00a0\u00bb<\/a><\/strong><\/span>.<\/p>\n<p><img loading=\"lazy\" decoding=\"async\" class=\"alignnone size-medium wp-image-985\" src=\"https:\/\/valleeduthore-environnement.org\/wp-content\/uploads\/2024\/04\/IMG6198-300x200.jpg\" alt=\"\" width=\"300\" height=\"200\" srcset=\"https:\/\/valleeduthore-environnement.org\/wp-content\/uploads\/2024\/04\/IMG6198-300x200.jpg 300w, https:\/\/valleeduthore-environnement.org\/wp-content\/uploads\/2024\/04\/IMG6198-1024x681.jpg 1024w, https:\/\/valleeduthore-environnement.org\/wp-content\/uploads\/2024\/04\/IMG6198-768x511.jpg 768w, https:\/\/valleeduthore-environnement.org\/wp-content\/uploads\/2024\/04\/IMG6198-1536x1021.jpg 1536w, https:\/\/valleeduthore-environnement.org\/wp-content\/uploads\/2024\/04\/IMG6198-750x499.jpg 750w, https:\/\/valleeduthore-environnement.org\/wp-content\/uploads\/2024\/04\/IMG6198.jpg 1624w\" sizes=\"auto, (max-width: 300px) 100vw, 300px\" \/><img loading=\"lazy\" decoding=\"async\" class=\"alignnone size-medium wp-image-993\" src=\"https:\/\/valleeduthore-environnement.org\/wp-content\/uploads\/2024\/04\/IMG6526-300x200.jpg\" alt=\"\" width=\"300\" height=\"200\" srcset=\"https:\/\/valleeduthore-environnement.org\/wp-content\/uploads\/2024\/04\/IMG6526-300x200.jpg 300w, https:\/\/valleeduthore-environnement.org\/wp-content\/uploads\/2024\/04\/IMG6526-1024x681.jpg 1024w, https:\/\/valleeduthore-environnement.org\/wp-content\/uploads\/2024\/04\/IMG6526-768x511.jpg 768w, https:\/\/valleeduthore-environnement.org\/wp-content\/uploads\/2024\/04\/IMG6526-1536x1021.jpg 1536w, https:\/\/valleeduthore-environnement.org\/wp-content\/uploads\/2024\/04\/IMG6526-750x499.jpg 750w, https:\/\/valleeduthore-environnement.org\/wp-content\/uploads\/2024\/04\/IMG6526.jpg 1624w\" sizes=\"auto, (max-width: 300px) 100vw, 300px\" \/><img loading=\"lazy\" decoding=\"async\" class=\"alignnone size-medium wp-image-994\" src=\"https:\/\/valleeduthore-environnement.org\/wp-content\/uploads\/2024\/04\/IMG6588-300x200.jpg\" alt=\"\" width=\"300\" height=\"200\" srcset=\"https:\/\/valleeduthore-environnement.org\/wp-content\/uploads\/2024\/04\/IMG6588-300x200.jpg 300w, https:\/\/valleeduthore-environnement.org\/wp-content\/uploads\/2024\/04\/IMG6588-1024x681.jpg 1024w, https:\/\/valleeduthore-environnement.org\/wp-content\/uploads\/2024\/04\/IMG6588-768x511.jpg 768w, https:\/\/valleeduthore-environnement.org\/wp-content\/uploads\/2024\/04\/IMG6588-1536x1021.jpg 1536w, https:\/\/valleeduthore-environnement.org\/wp-content\/uploads\/2024\/04\/IMG6588-750x499.jpg 750w, https:\/\/valleeduthore-environnement.org\/wp-content\/uploads\/2024\/04\/IMG6588.jpg 1624w\" sizes=\"auto, (max-width: 300px) 100vw, 300px\" \/><img loading=\"lazy\" decoding=\"async\" class=\"alignnone size-medium wp-image-991\" src=\"https:\/\/valleeduthore-environnement.org\/wp-content\/uploads\/2024\/04\/IMG6483-300x200.jpg\" alt=\"\" width=\"300\" height=\"200\" srcset=\"https:\/\/valleeduthore-environnement.org\/wp-content\/uploads\/2024\/04\/IMG6483-300x200.jpg 300w, https:\/\/valleeduthore-environnement.org\/wp-content\/uploads\/2024\/04\/IMG6483-1024x681.jpg 1024w, https:\/\/valleeduthore-environnement.org\/wp-content\/uploads\/2024\/04\/IMG6483-768x511.jpg 768w, https:\/\/valleeduthore-environnement.org\/wp-content\/uploads\/2024\/04\/IMG6483-1536x1021.jpg 1536w, https:\/\/valleeduthore-environnement.org\/wp-content\/uploads\/2024\/04\/IMG6483-750x499.jpg 750w, https:\/\/valleeduthore-environnement.org\/wp-content\/uploads\/2024\/04\/IMG6483.jpg 1624w\" sizes=\"auto, (max-width: 300px) 100vw, 300px\" \/><\/p>\n<p>&nbsp;<\/p>\n<p><strong><span style=\"font-size: 20px; color: #3366ff;\">On produit plus que jamais mais&#8230;<\/span><\/strong><\/p>\n<p><strong><img loading=\"lazy\" decoding=\"async\" class=\"wp-image-1590 alignleft\" src=\"https:\/\/valleeduthore-environnement.org\/wp-content\/uploads\/2025\/12\/Agriculture-300x300.jpeg\" alt=\"\" width=\"290\" height=\"290\" srcset=\"https:\/\/valleeduthore-environnement.org\/wp-content\/uploads\/2025\/12\/Agriculture-300x300.jpeg 300w, https:\/\/valleeduthore-environnement.org\/wp-content\/uploads\/2025\/12\/Agriculture-150x150.jpeg 150w, https:\/\/valleeduthore-environnement.org\/wp-content\/uploads\/2025\/12\/Agriculture-768x768.jpeg 768w, https:\/\/valleeduthore-environnement.org\/wp-content\/uploads\/2025\/12\/Agriculture-750x750.jpeg 750w, https:\/\/valleeduthore-environnement.org\/wp-content\/uploads\/2025\/12\/Agriculture.jpeg 800w\" sizes=\"auto, (max-width: 290px) 100vw, 290px\" \/><\/strong><span style=\"font-size: 16px;\">On produit plus que jamais mais on perd des agriculteurs chaque jour. On nourrit \u00ab\u00a0mieux\u00a0\u00bb la France mais les fermes meurent. On est plus \u00ab\u00a0efficaces\u00a0\u00bb mais le syst\u00e8me s&rsquo;effondre. Quelque chose ne tourne pas rond.\u00a0 Il est temps de changer !\u00a0<\/span><\/p>\n<p><span style=\"color: #3366ff; font-size: 16px;\"><strong>1950 :<\/strong> <\/span><span style=\"font-size: 16px;\">6 millions d&rsquo;agriculteurs en France <\/span><span style=\"font-size: 16px;\">(27 % de la population) ;<\/span><br \/>\n<span style=\"font-size: 16px;\">Revenus moyens \u00e9quivalents \u00e0 la moyenne nationale.<\/span><\/p>\n<p><span style=\"font-size: 16px;\"><span style=\"color: #3366ff;\"><strong>2025<\/strong> : <\/span><\/span><span style=\"font-size: 16px;\">400 000 d&rsquo;agriculteurs en France (1,5% de la population) ;<\/span><br \/>\n<span style=\"font-size: 16px;\">Revenus moyens -30% sous la moyenne nationale ;<\/span><br \/>\n<span style=\"font-size: 16px;\">1 Suicide d&rsquo;agriculteur tous les 2 jours.<\/span><\/p>\n<p style=\"text-align: left;\"><span style=\"font-size: 16px;\"><strong>Ce qui a chang\u00e9<\/strong>\u00a0<\/span><br \/>\n<span style=\"font-size: 16px;\">\u2192 M\u00e9canisation massive ;<\/span><br \/>\n<span style=\"font-size: 16px;\">\u2192 Rendements multipli\u00e9s par 4 ;<\/span><br \/>\n<span style=\"font-size: 16px;\">\u2192 Surface moyenne par ferme multipli\u00e9 par 10 ;<\/span><br \/>\n<span style=\"font-size: 16px;\">\u2192 Productivit\u00e9 : record historique.<\/span><\/p>\n<p style=\"text-align: left;\"><span style=\"font-size: 16px;\"><strong>Ce qui n&rsquo;a pas chang\u00e9<\/strong>\u00a0<\/span><br \/>\n<span style=\"font-size: 16px;\">\u2192 On enseigne aux enfants l&rsquo;agriculture comme en 1950 ;<\/span><br \/>\n<span style=\"font-size: 16px;\">\u2192 Les manuels scolaires montrent les m\u00eames sch\u00e9mas ;<\/span><br \/>\n<span style=\"font-size: 16px;\">\u2192 L&rsquo;imaginaire collectif est fig\u00e9 (alors que tout a chang\u00e9).<\/span><\/p>\n<p><span style=\"font-size: 16px;\">(Renaud Lecomte, illustrateur agroforestier)<\/span><\/p>\n","protected":false},"excerpt":{"rendered":"<p>LE SALON A LA FERME 2026 : Arnauld DE RASPIDE Plut\u00f4t que d&rsquo;aller au salon de Paris, d\u00e9couvrons ou red\u00e9couvrons nos fermes dans la vall\u00e9e afin de mieux conna\u00eetre l&rsquo;agriculture paysanne et ses producteurs locaux. Le 22 f\u00e9vrier 2026, Arnaud de Raspide, \u00e9leveur de brebis et d&rsquo;agneaux \u00e0 Bout-du-Pont-de-l&rsquo;Arn, a pr\u00e9sent\u00e9 aux visiteurs sa bergerie &hellip; <\/p>\n<p><a class=\"more-link btn\" href=\"https:\/\/valleeduthore-environnement.org\/?page_id=1594\">Lire la suite<\/a><\/p>\n","protected":false},"author":3,"featured_media":0,"parent":0,"menu_order":0,"comment_status":"closed","ping_status":"closed","template":"","meta":{"footnotes":""},"class_list":["post-1594","page","type-page","status-publish","hentry","nodate","item-wrap"],"_links":{"self":[{"href":"https:\/\/valleeduthore-environnement.org\/index.php?rest_route=\/wp\/v2\/pages\/1594","targetHints":{"allow":["GET"]}}],"collection":[{"href":"https:\/\/valleeduthore-environnement.org\/index.php?rest_route=\/wp\/v2\/pages"}],"about":[{"href":"https:\/\/valleeduthore-environnement.org\/index.php?rest_route=\/wp\/v2\/types\/page"}],"author":[{"embeddable":true,"href":"https:\/\/valleeduthore-environnement.org\/index.php?rest_route=\/wp\/v2\/users\/3"}],"replies":[{"embeddable":true,"href":"https:\/\/valleeduthore-environnement.org\/index.php?rest_route=%2Fwp%2Fv2%2Fcomments&post=1594"}],"version-history":[{"count":49,"href":"https:\/\/valleeduthore-environnement.org\/index.php?rest_route=\/wp\/v2\/pages\/1594\/revisions"}],"predecessor-version":[{"id":1775,"href":"https:\/\/valleeduthore-environnement.org\/index.php?rest_route=\/wp\/v2\/pages\/1594\/revisions\/1775"}],"wp:attachment":[{"href":"https:\/\/valleeduthore-environnement.org\/index.php?rest_route=%2Fwp%2Fv2%2Fmedia&parent=1594"}],"curies":[{"name":"wp","href":"https:\/\/api.w.org\/{rel}","templated":true}]}}